{"id":340,"date":"2019-03-21T13:32:59","date_gmt":"2019-03-21T13:32:59","guid":{"rendered":"https:\/\/creacorpus.net\/?page_id=340"},"modified":"2024-07-13T23:36:52","modified_gmt":"2024-07-13T21:36:52","slug":"home","status":"publish","type":"page","link":"https:\/\/creacorpus.net\/","title":{"rendered":"Accueil"},"content":{"rendered":"<style>\/*! elementor - v3.18.0 - 20-12-2023 *\/\n.elementor-heading-title{padding:0;margin:0;line-height:1}.elementor-widget-heading .elementor-heading-title[class*=elementor-size-]>a{color:inherit;font-size:inherit;line-height:inherit}.elementor-widget-heading .elementor-heading-title.elementor-size-small{font-size:15px}.elementor-widget-heading .elementor-heading-title.elementor-size-medium{font-size:19px}.elementor-widget-heading .elementor-heading-title.elementor-size-large{font-size:29px}.elementor-widget-heading .elementor-heading-title.elementor-size-xl{font-size:39px}.elementor-widget-heading .elementor-heading-title.elementor-size-xxl{font-size:59px}<\/style>\n<h1>CreaCorpus<\/h1>\n<p>Vous souhaitez partager un temps avec votre enfant, l\u2019accompagner dans son d\u00e9veloppement,<br \/>soutenir sa confiance, ses comp\u00e9tences, son entr\u00e9e dans les apprentissages<\/p>\n<p>\t\t\t<a href=\"#anchor_discover\"><br \/>\n\t\t\t\t\t\tD\u00e9couvrir<br \/>\n\t\t\t\t\t<\/a><\/p>\n<style>\/*! elementor - v3.18.0 - 20-12-2023 *\/\n.elementor-widget-image{text-align:center}.elementor-widget-image a{display:inline-block}.elementor-widget-image a img[src$=\".svg\"]{width:48px}.elementor-widget-image img{vertical-align:middle;display:inline-block}<\/style>\n<p>\t\t\t\t\t\t\t\t\t\t\t\t<img decoding=\"async\" loading=\"lazy\" width=\"768\" height=\"1024\" src=\"https:\/\/creacorpus.net\/wp-content\/uploads\/2023\/12\/creacorpus-2-768x1024.jpeg\" alt=\"\" srcset=\"https:\/\/creacorpus.net\/wp-content\/uploads\/2023\/12\/creacorpus-2-768x1024.jpeg 768w, https:\/\/creacorpus.net\/wp-content\/uploads\/2023\/12\/creacorpus-2-225x300.jpeg 225w, https:\/\/creacorpus.net\/wp-content\/uploads\/2023\/12\/creacorpus-2-1152x1536.jpeg 1152w, https:\/\/creacorpus.net\/wp-content\/uploads\/2023\/12\/creacorpus-2.jpeg 1200w\" sizes=\"(max-width: 768px) 100vw, 768px\" \/>\t\t\t\t\t\t\t\t\t\t\t\t\t\t\t<\/p>\n<h4>Qui sommes-nous ?<\/h4>\n<h2>Cr\u00e9aCorpus<\/h2>\n<style>\/*! elementor - v3.18.0 - 20-12-2023 *\/\n.elementor-widget-divider{--divider-border-style:none;--divider-border-width:1px;--divider-color:#0c0d0e;--divider-icon-size:20px;--divider-element-spacing:10px;--divider-pattern-height:24px;--divider-pattern-size:20px;--divider-pattern-url:none;--divider-pattern-repeat:repeat-x}.elementor-widget-divider .elementor-divider{display:flex}.elementor-widget-divider .elementor-divider__text{font-size:15px;line-height:1;max-width:95%}.elementor-widget-divider .elementor-divider__element{margin:0 var(--divider-element-spacing);flex-shrink:0}.elementor-widget-divider .elementor-icon{font-size:var(--divider-icon-size)}.elementor-widget-divider .elementor-divider-separator{display:flex;margin:0;direction:ltr}.elementor-widget-divider--view-line_icon .elementor-divider-separator,.elementor-widget-divider--view-line_text .elementor-divider-separator{align-items:center}.elementor-widget-divider--view-line_icon .elementor-divider-separator:after,.elementor-widget-divider--view-line_icon .elementor-divider-separator:before,.elementor-widget-divider--view-line_text .elementor-divider-separator:after,.elementor-widget-divider--view-line_text .elementor-divider-separator:before{display:block;content:\"\";border-bottom:0;flex-grow:1;border-top:var(--divider-border-width) var(--divider-border-style) var(--divider-color)}.elementor-widget-divider--element-align-left .elementor-divider .elementor-divider-separator>.elementor-divider__svg:first-of-type{flex-grow:0;flex-shrink:100}.elementor-widget-divider--element-align-left .elementor-divider-separator:before{content:none}.elementor-widget-divider--element-align-left .elementor-divider__element{margin-left:0}.elementor-widget-divider--element-align-right .elementor-divider .elementor-divider-separator>.elementor-divider__svg:last-of-type{flex-grow:0;flex-shrink:100}.elementor-widget-divider--element-align-right .elementor-divider-separator:after{content:none}.elementor-widget-divider--element-align-right .elementor-divider__element{margin-right:0}.elementor-widget-divider:not(.elementor-widget-divider--view-line_text):not(.elementor-widget-divider--view-line_icon) .elementor-divider-separator{border-top:var(--divider-border-width) var(--divider-border-style) var(--divider-color)}.elementor-widget-divider--separator-type-pattern{--divider-border-style:none}.elementor-widget-divider--separator-type-pattern.elementor-widget-divider--view-line .elementor-divider-separator,.elementor-widget-divider--separator-type-pattern:not(.elementor-widget-divider--view-line) .elementor-divider-separator:after,.elementor-widget-divider--separator-type-pattern:not(.elementor-widget-divider--view-line) .elementor-divider-separator:before,.elementor-widget-divider--separator-type-pattern:not([class*=elementor-widget-divider--view]) .elementor-divider-separator{width:100%;min-height:var(--divider-pattern-height);-webkit-mask-size:var(--divider-pattern-size) 100%;mask-size:var(--divider-pattern-size) 100%;-webkit-mask-repeat:var(--divider-pattern-repeat);mask-repeat:var(--divider-pattern-repeat);background-color:var(--divider-color);-webkit-mask-image:var(--divider-pattern-url);mask-image:var(--divider-pattern-url)}.elementor-widget-divider--no-spacing{--divider-pattern-size:auto}.elementor-widget-divider--bg-round{--divider-pattern-repeat:round}.rtl .elementor-widget-divider .elementor-divider__text{direction:rtl}.e-con-inner>.elementor-widget-divider,.e-con>.elementor-widget-divider{width:var(--container-widget-width,100%);--flex-grow:var(--container-widget-flex-grow)}<\/style>\n<p>Le cabinet de\u00a0psychomotricit\u00e9 \u00e0 Champigny-sur-Marne\u00a0est un espace d\u2019\u00e9veil et d\u2019accompagnement psychomoteur, dans son champ d\u2019intervention d\u00e9fini par le d\u00e9cret de comp\u00e9tences, le psychomotricien assure des missions de pr\u00e9ventions, d\u00e9pistage, traitement, d\u2019\u00e9ducation pour la sant\u00e9 et th\u00e9rapeutique.<\/p>\n<p>\t\t\t<a href=\"https:\/\/creacorpus.net\/?page_id=989\"><br \/>\n\t\t\t\t\t\tPrendre un rendez-vous<br \/>\n\t\t\t\t\t<\/a><\/p>\n<h2>Qu&rsquo;est ce que la psychomotricit\u00e9 ?<\/h2>\n<p>La psychomotricit\u00e9 est une discipline qui favorise le d\u00e9veloppement harmonieux en combinant mouvement et cognition. Elle aide \u00e0 am\u00e9liorer la coordination, stimuler l&rsquo;intellect, et favoriser l&rsquo;\u00e9quilibre \u00e9motionnel \u00e0 travers des activit\u00e9s ludiques et cibl\u00e9es.<\/p>\n<style>\/*! elementor - v3.18.0 - 20-12-2023 *\/\n.elementor-widget-image-box .elementor-image-box-content{width:100%}@media (min-width:768px){.elementor-widget-image-box.elementor-position-left .elementor-image-box-wrapper,.elementor-widget-image-box.elementor-position-right .elementor-image-box-wrapper{display:flex}.elementor-widget-image-box.elementor-position-right .elementor-image-box-wrapper{text-align:right;flex-direction:row-reverse}.elementor-widget-image-box.elementor-position-left .elementor-image-box-wrapper{text-align:left;flex-direction:row}.elementor-widget-image-box.elementor-position-top .elementor-image-box-img{margin:auto}.elementor-widget-image-box.elementor-vertical-align-top .elementor-image-box-wrapper{align-items:flex-start}.elementor-widget-image-box.elementor-vertical-align-middle .elementor-image-box-wrapper{align-items:center}.elementor-widget-image-box.elementor-vertical-align-bottom .elementor-image-box-wrapper{align-items:flex-end}}@media (max-width:767px){.elementor-widget-image-box .elementor-image-box-img{margin-left:auto!important;margin-right:auto!important;margin-bottom:15px}}.elementor-widget-image-box .elementor-image-box-img{display:inline-block}.elementor-widget-image-box .elementor-image-box-title a{color:inherit}.elementor-widget-image-box .elementor-image-box-wrapper{text-align:center}.elementor-widget-image-box .elementor-image-box-description{margin:0}<\/style>\n<figure><img decoding=\"async\" src=\"https:\/\/creacorpus.net\/wp-content\/uploads\/elementor\/thumbs\/icon01-free-img-qhjqwoaseuq8jobpqzj3urdpkto8eib0rtqam7n08w.png\" title=\"icon01-free-img\" alt=\"icon01-free-img\" loading=\"lazy\" \/><\/figure>\n<h3>S\u00e9ances psychomoteur<\/h3>\n<p>Le bilan psychomoteur est une \u00e9valuation compl\u00e8te des comp\u00e9tences motrices, cognitives et \u00e9motionnelles d&rsquo;un individu, visant \u00e0 guider des interventions personnalis\u00e9es en psychomotricit\u00e9<\/p>\n<figure><img decoding=\"async\" src=\"https:\/\/creacorpus.net\/wp-content\/uploads\/elementor\/thumbs\/icon02-free-img-qhjqwoaseuq8jobpqzj3urdpkto8eib0rtqam7n08w.png\" title=\"icon02-free-img\" alt=\"icon02-free-img\" loading=\"lazy\" \/><\/figure>\n<h3>Bilan <br \/>psychomoteur<\/h3>\n<p>La sp\u00e9cificit\u00e9 du bilan psychomoteur est d\u2019\u00e9valuer les comp\u00e9tences motrices et perceptives, tout en int\u00e9grant les aspects \u00e9motionnels, relationnels et affectifs<\/p>\n<figure><img decoding=\"async\" src=\"https:\/\/creacorpus.net\/wp-content\/uploads\/elementor\/thumbs\/icon03-free-img-qhjqwoaseuq8jobpqzj3urdpkto8eib0rtqam7n08w.png\" title=\"icon03-free-img\" alt=\"icon03-free-img\" loading=\"lazy\" \/><\/figure>\n<h3>Les indications<\/h3>\n<p>La psychomotricit\u00e9 peut s\u2019adresser \u00e0 tous les \u00e2ge de la vie et \u00e0 une multitude de contextes. Nous distinguons n\u00e9anmoins certains troubles sp\u00e9cifiques<\/p>\n<h2>Un espace enti\u00e8rement d\u00e9di\u00e9 \u00e0 la th\u00e9rapie<\/h2>\n<p>D\u00e9couvrez un havre de bien-\u00eatre au c\u0153ur de notre cabinet de psychomotricit\u00e9, sp\u00e9cialement con\u00e7u pour favoriser l&rsquo;\u00e9panouissement et la r\u00e9ussite th\u00e9rapeutique. Notre espace d\u00e9di\u00e9 \u00e0 la th\u00e9rapie offre une atmosph\u00e8re chaleureuse et s\u00e9curisante, cr\u00e9\u00e9e pour maximiser les b\u00e9n\u00e9fices de chaque s\u00e9ance.<\/p>\n<p>\t\t\t<a href=\"https:\/\/creacorpus.net\/?page_id=989\"><br \/>\n\t\t\t\t\t\tContactez-nous<br \/>\n\t\t\t\t\t<\/a><br \/>\n\t\t\t\t\t\t\t\t\t\t\t\t\t\t\t<img decoding=\"async\" loading=\"lazy\" width=\"1024\" height=\"892\" src=\"https:\/\/creacorpus.net\/wp-content\/uploads\/2023\/12\/creacorpus-3.jpeg\" alt=\"\" srcset=\"https:\/\/creacorpus.net\/wp-content\/uploads\/2023\/12\/creacorpus-3.jpeg 1024w, https:\/\/creacorpus.net\/wp-content\/uploads\/2023\/12\/creacorpus-3-300x261.jpeg 300w, https:\/\/creacorpus.net\/wp-content\/uploads\/2023\/12\/creacorpus-3-768x669.jpeg 768w\" sizes=\"(max-width: 1024px) 100vw, 1024px\" \/><\/p>\n","protected":false},"excerpt":{"rendered":"<p>CreaCorpus Vous souhaitez partager un temps avec votre enfant, l\u2019accompagner dans son d\u00e9veloppement,soutenir sa confiance, ses comp\u00e9tences, son entr\u00e9e dans les apprentissages D\u00e9couvrir Qui sommes-nous ? Cr\u00e9aCorpus Le cabinet de\u00a0psychomotricit\u00e9 \u00e0 Champigny-sur-Marne\u00a0est un espace d\u2019\u00e9veil et d\u2019accompagnement psychomoteur, dans son champ d\u2019intervention d\u00e9fini par le d\u00e9cret de comp\u00e9tences, le psychomotricien assure des missions de pr\u00e9ventions, [&hellip;]<\/p>\n","protected":false},"author":1,"featured_media":0,"parent":0,"menu_order":0,"comment_status":"closed","ping_status":"closed","template":"","meta":{"site-sidebar-layout":"no-sidebar","site-content-layout":"page-builder","ast-site-content-layout":"full-width-container","site-content-style":"unboxed","site-sidebar-style":"unboxed","ast-global-header-display":"","ast-banner-title-visibility":"","ast-main-header-display":"","ast-hfb-above-header-display":"","ast-hfb-below-header-display":"","ast-hfb-mobile-header-display":"","site-post-title":"disabled","ast-breadcrumbs-content":"","ast-featured-img":"disabled","footer-sml-layout":"","ast-disable-related-posts":"","theme-transparent-header-meta":"default","adv-header-id-meta":"","stick-header-meta":"","header-above-stick-meta":"","header-main-stick-meta":"","header-below-stick-meta":"","astra-migrate-meta-layouts":"set","ast-page-background-enabled":"default","ast-page-background-meta":{"desktop":{"background-color":"","background-image":"","background-repeat":"repeat","background-position":"center center","background-size":"auto","background-attachment":"scroll","background-type":"","background-media":"","overlay-type":"","overlay-color":"","overlay-opacity":"","overlay-gradient":""},"tablet":{"background-color":"","background-image":"","background-repeat":"repeat","background-position":"center center","background-size":"auto","background-attachment":"scroll","background-type":"","background-media":"","overlay-type":"","overlay-color":"","overlay-opacity":"","overlay-gradient":""},"mobile":{"background-color":"","background-image":"","background-repeat":"repeat","background-position":"center center","background-size":"auto","background-attachment":"scroll","background-type":"","background-media":"","overlay-type":"","overlay-color":"","overlay-opacity":"","overlay-gradient":""}},"ast-content-background-meta":{"desktop":{"background-color":"var(--ast-global-color-5)","background-image":"","background-repeat":"repeat","background-position":"center center","background-size":"auto","background-attachment":"scroll","background-type":"","background-media":"","overlay-type":"","overlay-color":"","overlay-opacity":"","overlay-gradient":""},"tablet":{"background-color":"var(--ast-global-color-5)","background-image":"","background-repeat":"repeat","background-position":"center center","background-size":"auto","background-attachment":"scroll","background-type":"","background-media":"","overlay-type":"","overlay-color":"","overlay-opacity":"","overlay-gradient":""},"mobile":{"background-color":"var(--ast-global-color-5)","background-image":"","background-repeat":"repeat","background-position":"center center","background-size":"auto","background-attachment":"scroll","background-type":"","background-media":"","overlay-type":"","overlay-color":"","overlay-opacity":"","overlay-gradient":""}},"footnotes":""},"aioseo_notices":[],"_links":{"self":[{"href":"https:\/\/creacorpus.net\/index.php?rest_route=\/wp\/v2\/pages\/340"}],"collection":[{"href":"https:\/\/creacorpus.net\/index.php?rest_route=\/wp\/v2\/pages"}],"about":[{"href":"https:\/\/creacorpus.net\/index.php?rest_route=\/wp\/v2\/types\/page"}],"author":[{"embeddable":true,"href":"https:\/\/creacorpus.net\/index.php?rest_route=\/wp\/v2\/users\/1"}],"replies":[{"embeddable":true,"href":"https:\/\/creacorpus.net\/index.php?rest_route=%2Fwp%2Fv2%2Fcomments&post=340"}],"version-history":[{"count":9,"href":"https:\/\/creacorpus.net\/index.php?rest_route=\/wp\/v2\/pages\/340\/revisions"}],"predecessor-version":[{"id":1197,"href":"https:\/\/creacorpus.net\/index.php?rest_route=\/wp\/v2\/pages\/340\/revisions\/1197"}],"wp:attachment":[{"href":"https:\/\/creacorpus.net\/index.php?rest_route=%2Fwp%2Fv2%2Fmedia&parent=340"}],"curies":[{"name":"wp","href":"https:\/\/api.w.org\/{rel}","templated":true}]}}